{"id":9,"date":"2023-02-26T18:39:27","date_gmt":"2023-02-26T18:39:27","guid":{"rendered":"https:\/\/healthed.org.uk\/wordpress\/?page_id=9"},"modified":"2024-09-18T19:48:46","modified_gmt":"2024-09-18T19:48:46","slug":"publications","status":"publish","type":"page","link":"https:\/\/healthed.org.uk\/?page_id=9","title":{"rendered":"Publications"},"content":{"rendered":"\n<ul class=\"wp-block-list\">\n<li><a href=\"https:\/\/healthed.org.uk\/wp-content\/uploads\/2024\/09\/Failing-to-learn-from-the-past-failing-to-look-to-the-future-May-2024.pdf\" data-type=\"link\" data-id=\"https:\/\/healthed.org.uk\/wp-content\/uploads\/2024\/09\/Failing-to-learn-from-the-past-failing-to-look-to-the-future-May-2024.pdf\">Failing to learn from the past, failing to look to the future: May 2024<\/a><br><\/li>\n\n\n\n<li><a href=\"https:\/\/healthed.org.uk\/wp-content\/uploads\/2024\/02\/STOF-2012-8_blaine__pv19__pdf.pdf\" data-type=\"link\" data-id=\"https:\/\/healthed.org.uk\/wp-content\/uploads\/2024\/02\/STOF-2012-8_blaine__pv19__pdf.pdf\" target=\"_blank\" rel=\"noreferrer noopener\">Introduction to papers on the Misuse of Drugs Act 1971: Drugs and Alcohol Today: Volume 21: Issue 4:&nbsp; December 2021<\/a><br><\/li>\n\n\n\n<li><a href=\"https:\/\/healthed.org.uk\/wp-content\/uploads\/2023\/08\/JIED-Book-Review-November-2021-as-published-104-1259-1-PB.pdf\" data-type=\"link\" data-id=\"https:\/\/healthed.org.uk\/wp-content\/uploads\/2023\/08\/JIED-Book-Review-November-2021-as-published-104-1259-1-PB.pdf\">JIED Book Review &#8211; November 2021 as published.<\/a><br><\/li>\n\n\n\n<li>D.O.I &#8211; <a href=\"https:\/\/doi.org\/10.31389\/jied.104\">https:\/\/doi.org\/10.31389\/jied.104<\/a><br><\/li>\n\n\n\n<li><a href=\"https:\/\/healthed.org.uk\/wp-content\/uploads\/2023\/08\/Fifty-years-of-the-MDA-The-legislative-contexts-10-1108_DAT-08-2021-0038.pdf\" data-type=\"link\" data-id=\"https:\/\/healthed.org.uk\/wp-content\/uploads\/2023\/08\/Fifty-years-of-the-MDA-The-legislative-contexts-10-1108_DAT-08-2021-0038.pdf\">Fifty years of the Misuse of Drugs Act 1971: the legislative contexts: Drugs and Alcohol Today: Volume 21: Issue 4: December 2021<\/a><br><\/li>\n\n\n\n<li>D.O.I &#8211; <a href=\"https:\/\/healthed.org.uk\/wp-content\/uploads\/2023\/08\/Fifty-years-of-the-MDA-The-legislative-contexts-10-1108_DAT-08-2021-0038.pdf\" data-type=\"attachment\" data-id=\"181\">10-1108_DAT-08-2021-0038<\/a><br><\/li>\n\n\n\n<li><a href=\"https:\/\/healthed.org.uk\/wp-content\/uploads\/2023\/08\/Axel-DAT-editorial-Final-June-30-2021.pdf\" data-type=\"link\" data-id=\"https:\/\/healthed.org.uk\/wp-content\/uploads\/2023\/08\/Axel-DAT-editorial-Final-June-30-2021.pdf\">Axel Klein with Blaine Stothard: Industry needs to be represented to keep prohibition advocates in check: Editorial, Drugs and Alcohol Today: Volume 21: Issue 4: December 2021<\/a><br><\/li>\n\n\n\n<li><a href=\"https:\/\/www.tandfonline.com\/doi\/full\/10.1080\/09687637.2021.1906847\">Research handbook on international drug policy \u2013 book review: 2021: Blaine Stothard and Aysel Sultan:&nbsp;<em>Drugs: Education, Prevention and Policy<\/em>.<\/a><br><\/li>\n\n\n\n<li><a href=\"https:\/\/healthed.org.uk\/wp-content\/uploads\/2023\/08\/10-1108_DAT-03-2021-077.pdf\" data-type=\"link\" data-id=\"https:\/\/healthed.org.uk\/wp-content\/uploads\/2023\/08\/10-1108_DAT-03-2021-077.pdf\">Guest Editorial for Special Issue on Alcohol Policy and Evidence: Alfred Uhl, Julian Strizek, Blaine Stothard, Axel Klein and Aysel Sultan: Drugs and Alcohol Today: Volume 21: Issue 1: (March 2021)<\/a><br><\/li>\n\n\n\n<li><a href=\"https:\/\/healthed.org.uk\/wp-content\/uploads\/2023\/08\/10-1108_DAT-09-2019-074.pdf\" data-type=\"link\" data-id=\"https:\/\/healthed.org.uk\/wp-content\/uploads\/2023\/08\/10-1108_DAT-09-2019-074.pdf\">Editorial: Public health and human rights: accepted or denied? \u2013 after Vienna March 2019: Drugs and Alcohol Today: Volume 19: Issue 3: (September 2019)<\/a><br><\/li>\n\n\n\n<li><a rel=\"noreferrer noopener\" href=\"https:\/\/www.emerald.com\/insight\/content\/doi\/10.1108\/DAT-06-2019-069\/full\/html?skipTracking=true\" target=\"_blank\">Editorial for Drugs and Alcohol Today: Volume 19: Issue 2: 2019 (June 2019)<\/a><br><\/li>\n\n\n\n<li><a href=\"https:\/\/healthed.org.uk\/wp-content\/uploads\/2023\/08\/Collapse-of-Global-Order-on-Drugs-flyer-5-two-sided-08-06-2018.pdf\" data-type=\"link\" data-id=\"https:\/\/healthed.org.uk\/wp-content\/uploads\/2023\/08\/Collapse-of-Global-Order-on-Drugs-flyer-5-two-sided-08-06-2018.pdf\">Collapse of the Global Order on Drugs: October 2018: Edited with Axel Klein: Emerald Publishing.<\/a><br><\/li>\n\n\n\n<li><a href=\"https:\/\/healthed.org.uk\/wp-content\/uploads\/2023\/08\/The-UK-Drug-Strategy-2017-DAT-17-4-DAT-08-2017-0034.pdf\" data-type=\"link\" data-id=\"https:\/\/healthed.org.uk\/wp-content\/uploads\/2023\/08\/The-UK-Drug-Strategy-2017-DAT-17-4-DAT-08-2017-0034.pdf\">The UK Drugs Strategy 2017: Contexts and analysis: Drugs and Alcohol Today: Volume 17 Issue 4 (December 2017)<\/a>.<br><\/li>\n\n\n\n<li><a href=\"https:\/\/healthed.org.uk\/wp-content\/uploads\/2023\/08\/A-turning-point-for-UK-drug-policy-opportunity-or-stasis-DAT-Issue-2-2017.pdf\" data-type=\"link\" data-id=\"https:\/\/healthed.org.uk\/wp-content\/uploads\/2023\/08\/A-turning-point-for-UK-drug-policy-opportunity-or-stasis-DAT-Issue-2-2017.pdf\">A turning point for UK drug policy:opportunity or stasis: Drugs and Alcohol Today: Volume 17 Issue 2 (May 2017).<\/a><br><\/li>\n\n\n\n<li><a href=\"https:\/\/healthed.org.uk\/wp-content\/uploads\/2023\/05\/The-Danish-SSP-model-amended-for-Healthed-14-01-2016.pdf\" data-type=\"link\" data-id=\"https:\/\/healthed.org.uk\/wp-content\/uploads\/2023\/05\/The-Danish-SSP-model-amended-for-Healthed-14-01-2016.pdf\">The Danish SSP model &#8211; prevention through support and co-operation: with J\u00f8rgen Pedersen: Drugs and Alcohol Today: Volume 15 Issue 4 (November 2015)<\/a>.<br><\/li>\n\n\n\n<li><a href=\"https:\/\/healthed.org.uk\/wp-content\/uploads\/2023\/05\/Smorrebrod-or-Smorgasbord-Amended-for-Healthed-14-01-2016.pdf\" data-type=\"link\" data-id=\"https:\/\/healthed.org.uk\/wp-content\/uploads\/2023\/05\/Smorrebrod-or-Smorgasbord-Amended-for-Healthed-14-01-2016.pdf\">Sm\u00f8rrebr\u00f8d or Sm\u00f6rg\u00e5sbord: The Danish and Swedish drug users unions: with Mikael Johansson and J\u00f8rgen Kjaer : Drugs and Alcohol Today: Volume 15 Issue 1 (February 2015).<\/a><br><\/li>\n\n\n\n<li>Copenhagen Cannabis: Drink and Drugs News: December 2014.<br><\/li>\n\n\n\n<li><a href=\"https:\/\/healthed.org.uk\/wp-content\/uploads\/2023\/08\/DrugLink-Fifty-best-drug-books-Part-2.pdf\" data-type=\"link\" data-id=\"https:\/\/healthed.org.uk\/wp-content\/uploads\/2023\/08\/DrugLink-Fifty-best-drug-books-Part-2.pdf\">50 Best Drugs Books: Part Two: DrugLink: November\/December 2014<\/a><br><\/li>\n\n\n\n<li><a href=\"https:\/\/healthed.org.uk\/wp-content\/uploads\/2023\/08\/DrugLink-Fifty-best-drug-books-Part-1.pdf\" data-type=\"link\" data-id=\"https:\/\/healthed.org.uk\/wp-content\/uploads\/2023\/08\/DrugLink-Fifty-best-drug-books-Part-1.pdf\">50 Best Drugs Books: Part One: DrugLink: September\/October 2014<\/a><br><\/li>\n\n\n\n<li><a href=\"https:\/\/healthed.org.uk\/wp-content\/uploads\/2023\/08\/Danish-lessons-Drink-and-Drug-News-04-06-2014.pdf\">Danish Lessons: Drink and Drugs News: June 2014.<\/a><br><\/li>\n\n\n\n<li><a href=\"https:\/\/healthed.org.uk\/wp-content\/uploads\/2023\/05\/Book-Review-Youthoria.pdf\" data-type=\"link\" data-id=\"https:\/\/healthed.org.uk\/wp-content\/uploads\/2023\/05\/Book-Review-Youthoria.pdf\">Book Review: Youtharia: DrugLink: 28 (2): March\/April 2014.<\/a><br><\/li>\n\n\n\n<li><a href=\"https:\/\/www.emerald.com\/insight\/content\/doi\/10.1108\/DAT-07-2013-0032\/full\/html\">Book Review: Living with drugs: Michael Gossop: Drugs and Alcohol Today: Volume 14 Issue 1 (February 2014): Pp. 51 &#8211; 52<\/a><br><\/li>\n\n\n\n<li><a href=\"https:\/\/healthed.org.uk\/wp-content\/uploads\/2023\/05\/A-going-over-down-under-article-text-submitted.pdf\" data-type=\"link\" data-id=\"https:\/\/healthed.org.uk\/wp-content\/uploads\/2023\/05\/A-going-over-down-under-article-text-submitted.pdf\">Drug policy: a going-over down-under?: Drugs and Alcohol Today: Volume 14 Issue 1(February 2014): Pp. 31 &#8211; 41<\/a><br><\/li>\n\n\n\n<li><a href=\"https:\/\/healthed.org.uk\/wp-content\/uploads\/2023\/05\/Denmark-article-3-Dane-Law-29-01-2014.pdf\" data-type=\"link\" data-id=\"https:\/\/healthed.org.uk\/wp-content\/uploads\/2023\/05\/Denmark-article-3-Dane-Law-29-01-2014.pdf\">DaneLaw (Denmark 3): DrugLink: 28 (1): January\/February 2014<\/a><br><\/li>\n\n\n\n<li><a href=\"https:\/\/healthed.org.uk\/wp-content\/uploads\/2023\/08\/Book-Review-Living-with-drugs-September-2013.pdf\" data-type=\"link\" data-id=\"https:\/\/healthed.org.uk\/wp-content\/uploads\/2023\/08\/Book-Review-Living-with-drugs-September-2013.pdf\">Book Review: Living with drugs: Michael Gossop: DrugLink September\/ October 2013<\/a><br><\/li>\n\n\n\n<li><a href=\"https:\/\/healthed.org.uk\/wp-content\/uploads\/2023\/05\/Denmark-Article-2-The-Respect-Agenda-11-09-2012.pdf\" data-type=\"link\" data-id=\"https:\/\/healthed.org.uk\/wp-content\/uploads\/2023\/05\/Denmark-Article-2-The-Respect-Agenda-11-09-2012.pdf\" target=\"_blank\" rel=\"noreferrer noopener\">The respect agenda (Denmark 2): DrugLink: 27 (5): September\/October 2012<\/a><br><\/li>\n\n\n\n<li><a href=\"https:\/\/healthed.org.uk\/wp-content\/uploads\/2023\/05\/Denmark-Article-1-Bringing-Home-the-Bacon-30-07-2012.pdf\">Bringing home the bacon (Denmark 1): DrugLink: 27 (4): July\/August 2012.<\/a><br><\/li>\n\n\n\n<li><a href=\"https:\/\/healthed.org.uk\/wp-content\/uploads\/2024\/02\/STOF-2012-8_blaine__pv19__pdf.pdf\" target=\"_blank\" rel=\"noreferrer noopener\">Danmark set udefra: STOF, Copenhagen: Nr. 19: Summer 2012<\/a>.<br><\/li>\n\n\n\n<li><a href=\"https:\/\/healthed.org.uk\/wp-content\/uploads\/2023\/08\/Drug-Education-in-the-former-Soviet-Union-DAT-2010.0257.pdf\" data-type=\"link\" data-id=\"https:\/\/healthed.org.uk\/wp-content\/uploads\/2023\/08\/Drug-Education-in-the-former-Soviet-Union-DAT-2010.0257.pdf\">Drug education in the former Soviet Union: parallels and populism: Drugs and Alcohol Today: Volume 10 Issue 2 (June 2010): Pp. 38 \u2013 41.<\/a><br><\/li>\n\n\n\n<li><a href=\"https:\/\/healthed.org.uk\/wp-content\/uploads\/2023\/08\/Sex-Education-Islamicate-sexualities-book-review-03-11-2009-1.pdf\" data-type=\"link\" data-id=\"https:\/\/healthed.org.uk\/wp-content\/uploads\/2023\/08\/Sex-Education-Islamicate-sexualities-book-review-03-11-2009-1.pdf\">Book review: Islamicate sexualities: translations across temporal geographies of desire: eds. Babayan K &amp; Najambadi A: in: Sex Education: Volume 9, Issue 4 (November 2009): Pp. 449 &#8211; 451.<\/a><br><\/li>\n\n\n\n<li>Drugs: the law and general principles for working with young people: in McWhirter, J. &amp; Mir, H. (eds.): The Essential guide to working with young people about drugs and alcohol: DrugScope, London: 2008.<br><\/li>\n\n\n\n<li>Recent developments in HIV\/AIDS prevention for Russian adolescents: with Romanova, O:  Sex Education, London: Volume 7, Issue 2 (May 2007): Pp 175 &#8211; 189.<br><\/li>\n\n\n\n<li><a href=\"http:\/\/www.ipcommunications.com.au\/title_drugeduschools.html\" data-type=\"link\" data-id=\"http:\/\/www.ipcommunications.com.au\/title_drugeduschools.html\">Developing a national programme: what&#8217;s in the mix and why\/practice, professionalism, prescription: in Midford, R. &amp; Munro, G. (Eds.): Drug Education in Schools: Searching for the Silver Bullet: Melbourne: IP Communications: 2006.<\/a><br><\/li>\n\n\n\n<li><a href=\"https:\/\/healthed.org.uk\/wp-content\/uploads\/2023\/05\/CLS-Article-final-text.pdf\" data-type=\"link\" data-id=\"https:\/\/healthed.org.uk\/wp-content\/uploads\/2023\/05\/CLS-Article-final-text.pdf\">City of London School and Communities that Care: Researching pupil experience to inform policy and practice in the independent sector: with Tolhurst, A &amp; McFarland, E: Pastoral Care, Warwick: 23 (3): September 2005<\/a><br><\/li>\n\n\n\n<li>Engelske tilstande (interview): Stof, Copenhagen: Nr. 4: December 2004.<br><\/li>\n\n\n\n<li>Drug wars at the chalk face: DrugLink: 19 (6): November\/December 2004<br><\/li>\n\n\n\n<li><a href=\"https:\/\/healthed.org.uk\/wp-content\/uploads\/2023\/05\/Stothard-Star-turns-Blueprint-comes-to-Britain-DrugLink-July-August-2003.pdf\" data-type=\"link\" data-id=\"https:\/\/healthed.org.uk\/wp-content\/uploads\/2023\/05\/Stothard-Star-turns-Blueprint-comes-to-Britain-DrugLink-July-August-2003.pdf\">Star turns: Blueprint comes to Britain: DrugLink: 18 (4): July\/August 2003<\/a>.<br><\/li>\n\n\n\n<li><a href=\"https:\/\/healthed.org.uk\/wp-content\/uploads\/2023\/05\/Stothard-Lies-damned-lies-and-research-DrugLink-May-June-2003.pdf\">Lies, damned lies and research: does LifeSkills Training work?: DrugLink, London: 18 (3): May\/June 2003.<\/a><br><\/li>\n\n\n\n<li><a href=\"https:\/\/healthed.org.uk\/wp-content\/uploads\/2023\/08\/Educations-uncertain-saviour-Ashton-Stothard-Findings-3-2000.pdf\" data-type=\"link\" data-id=\"https:\/\/healthed.org.uk\/wp-content\/uploads\/2023\/08\/Educations-uncertain-saviour-Ashton-Stothard-Findings-3-2000.pdf\">Education&#8217;s Uncertain Saviour: Gilbert Botvin&#8217;s Life-skills approach: with Ashton, M.: 2000: Findings, London: Issue 3, Summer 2000.<\/a><br><\/li>\n\n\n\n<li><a href=\"https:\/\/www.tandfonline.com\/doi\/abs\/10.1080\/09687639996963\" data-type=\"link\" data-id=\"https:\/\/www.tandfonline.com\/doi\/abs\/10.1080\/09687639996963\">Moscow Materials: useful habits: with Romanova, O.: 1999: Drugs: education prevention and policy, London: Volume 6, Number 3.<\/a><br><\/li>\n\n\n\n<li><a href=\"https:\/\/healthed.org.uk\/wp-content\/uploads\/2023\/05\/Cover-Teachers-Do-Drugs-March-1999.jpg\" data-type=\"link\" data-id=\"https:\/\/healthed.org.uk\/wp-content\/uploads\/2023\/05\/Cover-Teachers-Do-Drugs-March-1999.jpg\">Teachers Do Drugs: with Toft, M.: 1999: Lewisham Education Department, London.<\/a><\/li>\n<\/ul>\n","protected":false},"excerpt":{"rendered":"","protected":false},"author":1,"featured_media":0,"parent":0,"menu_order":0,"comment_status":"closed","ping_status":"closed","template":"","meta":{"footnotes":""},"class_list":["post-9","page","type-page","status-publish","hentry"],"_links":{"self":[{"href":"https:\/\/healthed.org.uk\/index.php?rest_route=\/wp\/v2\/pages\/9","targetHints":{"allow":["GET"]}}],"collection":[{"href":"https:\/\/healthed.org.uk\/index.php?rest_route=\/wp\/v2\/pages"}],"about":[{"href":"https:\/\/healthed.org.uk\/index.php?rest_route=\/wp\/v2\/types\/page"}],"author":[{"embeddable":true,"href":"https:\/\/healthed.org.uk\/index.php?rest_route=\/wp\/v2\/users\/1"}],"replies":[{"embeddable":true,"href":"https:\/\/healthed.org.uk\/index.php?rest_route=%2Fwp%2Fv2%2Fcomments&post=9"}],"version-history":[{"count":19,"href":"https:\/\/healthed.org.uk\/index.php?rest_route=\/wp\/v2\/pages\/9\/revisions"}],"predecessor-version":[{"id":245,"href":"https:\/\/healthed.org.uk\/index.php?rest_route=\/wp\/v2\/pages\/9\/revisions\/245"}],"wp:attachment":[{"href":"https:\/\/healthed.org.uk\/index.php?rest_route=%2Fwp%2Fv2%2Fmedia&parent=9"}],"curies":[{"name":"wp","href":"https:\/\/api.w.org\/{rel}","templated":true}]}}